{"id":59,"date":"2020-12-08T11:47:00","date_gmt":"2020-12-08T10:47:00","guid":{"rendered":"http:\/\/cynthia-cercos.ch\/?page_id=59"},"modified":"2020-12-08T14:55:38","modified_gmt":"2020-12-08T13:55:38","slug":"micro-college-alternatif-bilingue","status":"publish","type":"page","link":"https:\/\/cynthia-cercos.ch\/index.php\/micro-college-alternatif-bilingue\/","title":{"rendered":"Micro Coll\u00e8ge alternatif bilingue"},"content":{"rendered":"\n<div class=\"wp-block-columns\">\n<div class=\"wp-block-column\" style=\"flex-basis:21.4%\"><div id=\"metaslider-id-84\" style=\"max-width: 200px;\" class=\"ml-slider-3-27-8 metaslider metaslider-responsive metaslider-84 ml-slider ms-theme-blend\">\n    <div id=\"metaslider_container_84\">\n        <ul id='metaslider_84' class='rslides'>\n            <li><img src=\"https:\/\/cynthia-cercos.ch\/wp-content\/uploads\/2020\/12\/PortraitCyn-200x200.jpg\" height=\"200\" width=\"200\" alt=\"\" class=\"slider-84 slide-96\" title=\"PortraitCyn\" \/><\/li>\n            <li style='display: none;'><img src=\"https:\/\/cynthia-cercos.ch\/wp-content\/uploads\/2020\/12\/image-5-200x200.png\" height=\"200\" width=\"200\" alt=\"\" class=\"slider-84 slide-86\" title=\"image\" \/><\/li>\n            <li style='display: none;'><img src=\"https:\/\/cynthia-cercos.ch\/wp-content\/uploads\/2020\/12\/image-4-200x200.png\" height=\"200\" width=\"200\" alt=\"\" class=\"slider-84 slide-87\" title=\"image\" \/><\/li>\n            <li style='display: none;'><img src=\"https:\/\/cynthia-cercos.ch\/wp-content\/uploads\/2020\/12\/image-3-200x200.png\" height=\"200\" width=\"200\" alt=\"\" class=\"slider-84 slide-88\" title=\"image\" \/><\/li>\n            <li style='display: none;'><img src=\"https:\/\/cynthia-cercos.ch\/wp-content\/uploads\/2020\/12\/66292278-200x200.jpg\" height=\"200\" width=\"200\" alt=\"\" class=\"slider-84 slide-90\" title=\"66292278\" \/><\/li>\n            <li style='display: none;'><img src=\"https:\/\/cynthia-cercos.ch\/wp-content\/uploads\/2020\/12\/65883162-200x200.jpg\" height=\"200\" width=\"200\" alt=\"\" class=\"slider-84 slide-91\" title=\"65883162\" \/><\/li>\n            <li style='display: none;'><img src=\"https:\/\/cynthia-cercos.ch\/wp-content\/uploads\/2020\/12\/65880138-200x200.jpg\" height=\"200\" width=\"200\" alt=\"\" class=\"slider-84 slide-92\" title=\"65880138\" \/><\/li>\n            <li style='display: none;'><img src=\"https:\/\/cynthia-cercos.ch\/wp-content\/uploads\/2020\/12\/65784745_890319324656426_548431014045679616_n-200x200.jpg\" height=\"200\" width=\"200\" alt=\"\" class=\"slider-84 slide-93\" title=\"65784745_890319324656426_548431014045679616_n\" \/><\/li>\n            <li style='display: none;'><img src=\"https:\/\/cynthia-cercos.ch\/wp-content\/uploads\/2020\/12\/65779572-200x200.jpg\" height=\"200\" width=\"200\" alt=\"\" class=\"slider-84 slide-94\" title=\"65779572\" \/><\/li>\n            <li style='display: none;'><img src=\"https:\/\/cynthia-cercos.ch\/wp-content\/uploads\/2020\/12\/65482744_890318941323131_8653086073133465600_n-200x200.jpg\" height=\"200\" width=\"200\" alt=\"\" class=\"slider-84 slide-95\" title=\"65482744_890318941323131_8653086073133465600_n\" \/><\/li>\n        <\/ul>\n        \n    <\/div>\n<\/div>\n<\/div>\n\n\n\n<div class=\"wp-block-column\">\n<p class=\"has-text-align-center\"><strong>Association<\/strong>&nbsp;accueillant les enfants et adolescents, lieu de rencontres, d\u2019\u00e9coute, d\u2019activit\u00e9s adapt\u00e9es aux besoins particuliers des enfants \u00e0 haut potentiel. Possibilit\u00e9 de scolarisation.<\/p>\n<\/div>\n<\/div>\n\n\n\n<p><\/p>\n\n\n\n<h3>Activit\u00e9s \u00e9ducatives et th\u00e9rapeutiques<\/h3>\n\n\n\n<p>Activit\u00e9s cr\u00e9atives favorisant l\u2019estime et l\u2019affirmation de soi, gestion du stress et de l\u2019anxi\u00e9t\u00e9, stimulation des habilit\u00e9s sociales, lieu ressource.<\/p>\n\n\n\n<h3><strong><em>C\u2019est :<\/em><\/strong><\/h3>\n\n\n\n<ul><li>Un cabinet de psychoth\u00e9rapie individuelle et de groupe pour enfants, adolescents et adultes.&nbsp;<\/li><li>Th\u00e9rapies classiques d\u2019inspiration psychanalytique et ateliers \u00e0 m\u00e9diations corporelles, psychoth\u00e9\u00e2tre, m\u00e9ditation de pleine conscience, brain-gym.&nbsp;<\/li><li>Test cognitif wisc 5 pour enfants et wais 4 pour adultes.<\/li><li>Une classe multi-\u00e2ge de 10 \u00e0 14 ans bas\u00e9e sur le socle commun de l\u2019\u00e9ducation nationale et une approche alternative.<\/li><li>Des ateliers \u00e9ducatifs, p\u00e9dagogiques, th\u00e9rapeutiques, pour les enfants et adolescents de 4 \u00e0 18 ans.&nbsp;<br>(M\u00e9ditation de pleine conscience, th\u00e9\u00e2tre, cuisine sant\u00e9, litt\u00e9rature et mythologie, langues, arts plastiques, multisports, informatique.)<\/li><li>Un partenariat favorisant \u00e9changes et immersions avec des \u00e9tablissements Suisse-allemands Espagnols, Anglophones<\/li><li>Analyse des pratiques et formations en milieu scolaire, p\u00e9riscolaire et institutions ou associations.<\/li><\/ul>\n","protected":false},"excerpt":{"rendered":"<p>Association&nbsp;accueillant les enfants et adolescents, lieu de rencontres, d\u2019\u00e9coute, d\u2019activit\u00e9s adapt\u00e9es aux besoins particuliers des enfants \u00e0 haut potentiel. Possibilit\u00e9 de scolarisation. Activit\u00e9s \u00e9ducatives et th\u00e9rapeutiques Activit\u00e9s cr\u00e9atives favorisant l\u2019estime et l\u2019affirmation de soi, gestion du stress et de l\u2019anxi\u00e9t\u00e9, stimulation des habilit\u00e9s sociales, lieu ressource. C\u2019est : Un cabinet de psychoth\u00e9rapie individuelle et de [&hellip;]<\/p>\n","protected":false},"author":1,"featured_media":0,"parent":0,"menu_order":0,"comment_status":"closed","ping_status":"closed","template":"","meta":[],"aioseo_notices":[],"_links":{"self":[{"href":"https:\/\/cynthia-cercos.ch\/index.php\/wp-json\/wp\/v2\/pages\/59"}],"collection":[{"href":"https:\/\/cynthia-cercos.ch\/index.php\/wp-json\/wp\/v2\/pages"}],"about":[{"href":"https:\/\/cynthia-cercos.ch\/index.php\/wp-json\/wp\/v2\/types\/page"}],"author":[{"embeddable":true,"href":"https:\/\/cynthia-cercos.ch\/index.php\/wp-json\/wp\/v2\/users\/1"}],"replies":[{"embeddable":true,"href":"https:\/\/cynthia-cercos.ch\/index.php\/wp-json\/wp\/v2\/comments?post=59"}],"version-history":[{"count":9,"href":"https:\/\/cynthia-cercos.ch\/index.php\/wp-json\/wp\/v2\/pages\/59\/revisions"}],"predecessor-version":[{"id":101,"href":"https:\/\/cynthia-cercos.ch\/index.php\/wp-json\/wp\/v2\/pages\/59\/revisions\/101"}],"wp:attachment":[{"href":"https:\/\/cynthia-cercos.ch\/index.php\/wp-json\/wp\/v2\/media?parent=59"}],"curies":[{"name":"wp","href":"https:\/\/api.w.org\/{rel}","templated":true}]}}