{"id":26,"date":"2020-12-05T14:13:39","date_gmt":"2020-12-05T13:13:39","guid":{"rendered":"http:\/\/cynthia-cercos.ch\/?page_id=26"},"modified":"2022-08-05T09:56:28","modified_gmt":"2022-08-05T07:56:28","slug":"intervenants","status":"publish","type":"page","link":"https:\/\/cynthia-cercos.ch\/index.php\/intervenants\/","title":{"rendered":"Intervenants"},"content":{"rendered":"\n<div class=\"wp-block-media-text alignwide is-stacked-on-mobile\" style=\"grid-template-columns:15% auto\"><figure class=\"wp-block-media-text__media\"><img loading=\"lazy\" width=\"314\" height=\"407\" src=\"http:\/\/cynthia-cercos.ch\/wp-content\/uploads\/2020\/12\/PortraitCyn.jpg\" alt=\"\" class=\"wp-image-53\" srcset=\"https:\/\/cynthia-cercos.ch\/wp-content\/uploads\/2020\/12\/PortraitCyn.jpg 314w, https:\/\/cynthia-cercos.ch\/wp-content\/uploads\/2020\/12\/PortraitCyn-231x300.jpg 231w\" sizes=\"(max-width: 314px) 100vw, 314px\" \/><\/figure><div class=\"wp-block-media-text__content\">\n<p><strong>Cynthia Cercos<\/strong>: psychologue clinicienne, form\u00e9e en neuropsychologie, ateliers \u00e0 m\u00e9diations corporelles, m\u00e9ditation de pleine conscience, psychoth\u00e9\u00e2tre. 20 ans d&#8217;exp\u00e9rience en itep, ime, sessad, services \u00e9ducatifs et d&#8217;insertion. Pr\u00e9sidente de l&#8217;association et intervenante. Groupes de parole, atelier philo, groupes d&#8217;habilet\u00e9s sociales et d&#8217;affirmation de soi, th\u00e9rapies individuelles et de groupe, test de QI wisc 5.<\/p>\n<\/div><\/div>\n\n\n\n<p><\/p>\n\n\n\n<hr class=\"wp-block-separator\"\/>\n\n\n\n<div class=\"wp-block-media-text alignwide is-stacked-on-mobile\" style=\"grid-template-columns:15% auto\"><figure class=\"wp-block-media-text__media\"><img src=\"http:\/\/est-eip.com\/wp-content\/uploads\/2019\/07\/65830817_890318867989805_1829991586646196224_n-e1563371806801.jpg\" alt=\"\" class=\"wp-image-16\"\/><\/figure><div class=\"wp-block-media-text__content\">\n<p><strong>Elodie Bataller<\/strong>: expert-comptable, tr\u00e9sori\u00e8re de l&#8217;association.&nbsp;<\/p>\n<\/div><\/div>\n\n\n\n<p><\/p>\n\n\n\n<hr class=\"wp-block-separator\"\/>\n\n\n\n<div class=\"wp-block-media-text alignwide is-stacked-on-mobile\" style=\"grid-template-columns:15% auto\"><figure class=\"wp-block-media-text__media\"><img src=\"http:\/\/est-eip.com\/wp-content\/uploads\/2019\/07\/65883162_890318904656468_1962936999304232960_n-e1569423584664.jpg\" alt=\"Mich\u00e8le Combes\" class=\"wp-image-18\"\/><\/figure><div class=\"wp-block-media-text__content\">\n<p><strong>Mich\u00e8le Combes<\/strong>: directrice p\u00e9dagogique et enseignante, 30 ans d&#8217;enseignement en coll\u00e8ge.<\/p>\n<\/div><\/div>\n\n\n\n<p>&nbsp;<\/p>\n\n\n\n<hr class=\"wp-block-separator\"\/>\n\n\n\n<div class=\"wp-block-media-text alignwide is-stacked-on-mobile\" style=\"grid-template-columns:15% auto\"><figure class=\"wp-block-media-text__media\"><img src=\"http:\/\/est-eip.com\/wp-content\/uploads\/2019\/07\/66292278_890319401323085_7928680426380460032_n-e1569423541551.jpg\" alt=\"Anne Simon\" class=\"wp-image-21\"\/><\/figure><div class=\"wp-block-media-text__content\">\n<p><strong>Anne Simon&nbsp;<\/strong>: m\u00e9decin hom\u00e9opathe, intervenante svt.<\/p>\n<\/div><\/div>\n\n\n\n<hr class=\"wp-block-separator\"\/>\n\n\n\n<div class=\"wp-block-media-text alignwide is-stacked-on-mobile\" style=\"grid-template-columns:15% auto\"><figure class=\"wp-block-media-text__media\"><img loading=\"lazy\" width=\"472\" height=\"1024\" src=\"http:\/\/cynthia-cercos.ch\/wp-content\/uploads\/2022\/08\/image0000001-472x1024.jpg\" alt=\"\" class=\"wp-image-229\"\/><\/figure><div class=\"wp-block-media-text__content\">\n<div class=\"wp-block-group\"><div class=\"wp-block-group__inner-container\">\n<p><strong>Olivia Bataller <\/strong>comptable, secr\u00e9taire de l&#8217;association<\/p>\n<\/div><\/div>\n\n\n\n<p><\/p>\n<\/div><\/div>\n\n\n\n<p><\/p>\n\n\n\n<hr class=\"wp-block-separator\"\/>\n\n\n\n<div class=\"wp-block-media-text alignwide is-stacked-on-mobile\" style=\"grid-template-columns:15% auto\"><figure class=\"wp-block-media-text__media\"><img src=\"http:\/\/est-eip.com\/wp-content\/uploads\/2019\/07\/65784745_890319324656426_548431014045679616_n-e1569423612191.jpg\" alt=\"Patrick Denzler\" class=\"wp-image-15\"\/><\/figure><div class=\"wp-block-media-text__content\">\n<p><strong>Patrick Denzler<\/strong> enseignant en \u00e9cole d&#8217;ing\u00e9nieur et ing\u00e9nieur en \u00e9nergie<\/p>\n<\/div><\/div>\n\n\n\n<p>.&nbsp;<\/p>\n\n\n\n<hr class=\"wp-block-separator\"\/>\n\n\n\n<div class=\"wp-block-media-text alignwide is-stacked-on-mobile\" style=\"grid-template-columns:15% auto\"><figure class=\"wp-block-media-text__media\"><img src=\"http:\/\/est-eip.com\/wp-content\/uploads\/2019\/07\/65779572_890319074656451_811494969196937216_n-e1569423637360.jpg\" alt=\"Laurent Soulier\" class=\"wp-image-14\"\/><\/figure><div class=\"wp-block-media-text__content\">\n<p><strong>Laurent Soulier<\/strong> journaliste et &nbsp;athl\u00e8te, \u00e9ducateur sportif.&nbsp;<\/p>\n<\/div><\/div>\n\n\n\n<p><\/p>\n\n\n\n<hr class=\"wp-block-separator\"\/>\n\n\n\n<div class=\"wp-block-media-text alignwide is-stacked-on-mobile\" style=\"grid-template-columns:15% auto\"><figure class=\"wp-block-media-text__media\"><img src=\"http:\/\/est-eip.com\/wp-content\/uploads\/2019\/07\/65482744_890318941323131_8653086073133465600_n.jpg\" alt=\"\" class=\"wp-image-13\"\/><\/figure><div class=\"wp-block-media-text__content\">\n<p><strong>Sonia Beavogui<\/strong>: \u00e9ducatrice sp\u00e9cialis\u00e9e, vingt ans d&#8217;exp\u00e9riences en institutions et services \u00e9ducatifs.<\/p>\n<\/div><\/div>\n\n\n\n<p><\/p>\n\n\n\n<hr class=\"wp-block-separator\"\/>\n\n\n\n<div class=\"wp-block-media-text alignwide is-stacked-on-mobile\" style=\"grid-template-columns:15% auto\"><figure class=\"wp-block-media-text__media\"><img src=\"http:\/\/est-eip.com\/wp-content\/uploads\/2019\/07\/IMG_2686.jpg\" alt=\"\" class=\"wp-image-304\"\/><\/figure><div class=\"wp-block-media-text__content\">\n<p><strong>Sylvie Domenech<\/strong>: intervenante en espagnol.<\/p>\n<\/div><\/div>\n\n\n\n<p><\/p>\n\n\n\n<hr class=\"wp-block-separator is-style-default\"\/>\n\n\n\n<div class=\"wp-block-media-text alignwide is-stacked-on-mobile\" style=\"grid-template-columns:16% auto\"><figure class=\"wp-block-media-text__media\"><img src=\"http:\/\/est-eip.com\/wp-content\/uploads\/2019\/07\/IMG_2687-e1564217640873.jpg\" alt=\"\" class=\"wp-image-303\"\/><\/figure><div class=\"wp-block-media-text__content\">\n<p><strong>Marie-H\u00e9l\u00e8ne V\u00e9tro<\/strong>: avocate puis juge, secr\u00e9taire de l&#8217;association et intervenante en enseignement moral et civique<\/p>\n<\/div><\/div>\n\n\n\n<p><\/p>\n\n\n\n<hr class=\"wp-block-separator\"\/>\n\n\n\n<p><\/p>\n\n\n\n<hr class=\"wp-block-separator\"\/>\n","protected":false},"excerpt":{"rendered":"<p>Cynthia Cercos: psychologue clinicienne, form\u00e9e en neuropsychologie, ateliers \u00e0 m\u00e9diations corporelles, m\u00e9ditation de pleine conscience, psychoth\u00e9\u00e2tre. 20 ans d&#8217;exp\u00e9rience en itep, ime, sessad, services \u00e9ducatifs et d&#8217;insertion. Pr\u00e9sidente de l&#8217;association et intervenante. Groupes de parole, atelier philo, groupes d&#8217;habilet\u00e9s sociales et d&#8217;affirmation de soi, th\u00e9rapies individuelles et de groupe, test de QI wisc 5. Elodie [&hellip;]<\/p>\n","protected":false},"author":1,"featured_media":0,"parent":0,"menu_order":0,"comment_status":"closed","ping_status":"closed","template":"","meta":[],"aioseo_notices":[],"_links":{"self":[{"href":"https:\/\/cynthia-cercos.ch\/index.php\/wp-json\/wp\/v2\/pages\/26"}],"collection":[{"href":"https:\/\/cynthia-cercos.ch\/index.php\/wp-json\/wp\/v2\/pages"}],"about":[{"href":"https:\/\/cynthia-cercos.ch\/index.php\/wp-json\/wp\/v2\/types\/page"}],"author":[{"embeddable":true,"href":"https:\/\/cynthia-cercos.ch\/index.php\/wp-json\/wp\/v2\/users\/1"}],"replies":[{"embeddable":true,"href":"https:\/\/cynthia-cercos.ch\/index.php\/wp-json\/wp\/v2\/comments?post=26"}],"version-history":[{"count":10,"href":"https:\/\/cynthia-cercos.ch\/index.php\/wp-json\/wp\/v2\/pages\/26\/revisions"}],"predecessor-version":[{"id":230,"href":"https:\/\/cynthia-cercos.ch\/index.php\/wp-json\/wp\/v2\/pages\/26\/revisions\/230"}],"wp:attachment":[{"href":"https:\/\/cynthia-cercos.ch\/index.php\/wp-json\/wp\/v2\/media?parent=26"}],"curies":[{"name":"wp","href":"https:\/\/api.w.org\/{rel}","templated":true}]}}