{"id":21,"date":"2020-12-05T14:05:42","date_gmt":"2020-12-05T13:05:42","guid":{"rendered":"http:\/\/cynthia-cercos.ch\/?page_id=21"},"modified":"2020-12-08T14:58:59","modified_gmt":"2020-12-08T13:58:59","slug":"accueil","status":"publish","type":"page","link":"https:\/\/cynthia-cercos.ch\/","title":{"rendered":"Cynthia Cercos"},"content":{"rendered":"\n<p><\/p>\n\n\n\n<p><\/p>\n\n\n\n<div class=\"wp-block-media-text alignwide is-stacked-on-mobile\" style=\"grid-template-columns:23% auto\"><figure class=\"wp-block-media-text__media\"><img loading=\"lazy\" width=\"314\" height=\"407\" src=\"http:\/\/cynthia-cercos.ch\/wp-content\/uploads\/2020\/12\/PortraitCyn.jpg\" alt=\"\" class=\"wp-image-53\" srcset=\"https:\/\/cynthia-cercos.ch\/wp-content\/uploads\/2020\/12\/PortraitCyn.jpg 314w, https:\/\/cynthia-cercos.ch\/wp-content\/uploads\/2020\/12\/PortraitCyn-231x300.jpg 231w\" sizes=\"(max-width: 314px) 100vw, 314px\" \/><\/figure><div class=\"wp-block-media-text__content\">\n<p class=\"has-normal-font-size\"><strong>Psychologue clinicienne<\/strong>, form\u00e9e en neuropsychologie, ateliers \u00e0 m\u00e9diations corporelles, m\u00e9ditation de pleine conscience, psychoth\u00e9\u00e2tre. 20 ans d\u2019exp\u00e9rience en cabinet priv\u00e9, en itep, ime, sessad, services \u00e9ducatifs, p\u00e9dopsychiatrie et insertion adultes. Pr\u00e9sidente de l\u2019association Coll\u00e8ge alternatif et intervenante. Groupes de parole, atelier philo, groupes d\u2019habilet\u00e9s sociales et d\u2019affirmation de soi, th\u00e9rapies individuelles et de groupe, test de QI wisc 5.<\/p>\n\n\n\n<p>Consultations possibles en visioconf\u00e9rence (en fran\u00e7ais)<\/p>\n<\/div><\/div>\n","protected":false},"excerpt":{"rendered":"<p>Psychologue clinicienne, form\u00e9e en neuropsychologie, ateliers \u00e0 m\u00e9diations corporelles, m\u00e9ditation de pleine conscience, psychoth\u00e9\u00e2tre. 20 ans d\u2019exp\u00e9rience en cabinet priv\u00e9, en itep, ime, sessad, services \u00e9ducatifs, p\u00e9dopsychiatrie et insertion adultes. Pr\u00e9sidente de l\u2019association Coll\u00e8ge alternatif et intervenante. Groupes de parole, atelier philo, groupes d\u2019habilet\u00e9s sociales et d\u2019affirmation de soi, th\u00e9rapies individuelles et de groupe, test [&hellip;]<\/p>\n","protected":false},"author":1,"featured_media":0,"parent":0,"menu_order":0,"comment_status":"closed","ping_status":"closed","template":"","meta":[],"aioseo_notices":[],"_links":{"self":[{"href":"https:\/\/cynthia-cercos.ch\/index.php\/wp-json\/wp\/v2\/pages\/21"}],"collection":[{"href":"https:\/\/cynthia-cercos.ch\/index.php\/wp-json\/wp\/v2\/pages"}],"about":[{"href":"https:\/\/cynthia-cercos.ch\/index.php\/wp-json\/wp\/v2\/types\/page"}],"author":[{"embeddable":true,"href":"https:\/\/cynthia-cercos.ch\/index.php\/wp-json\/wp\/v2\/users\/1"}],"replies":[{"embeddable":true,"href":"https:\/\/cynthia-cercos.ch\/index.php\/wp-json\/wp\/v2\/comments?post=21"}],"version-history":[{"count":5,"href":"https:\/\/cynthia-cercos.ch\/index.php\/wp-json\/wp\/v2\/pages\/21\/revisions"}],"predecessor-version":[{"id":103,"href":"https:\/\/cynthia-cercos.ch\/index.php\/wp-json\/wp\/v2\/pages\/21\/revisions\/103"}],"wp:attachment":[{"href":"https:\/\/cynthia-cercos.ch\/index.php\/wp-json\/wp\/v2\/media?parent=21"}],"curies":[{"name":"wp","href":"https:\/\/api.w.org\/{rel}","templated":true}]}}