{"id":17,"date":"2020-12-05T14:02:33","date_gmt":"2020-12-05T13:02:33","guid":{"rendered":"http:\/\/cynthia-cercos.ch\/?page_id=17"},"modified":"2020-12-09T17:57:57","modified_gmt":"2020-12-09T16:57:57","slug":"tarifs","status":"publish","type":"page","link":"https:\/\/cynthia-cercos.ch\/index.php\/tarifs\/","title":{"rendered":"Tarifs"},"content":{"rendered":"\n<p><strong>Cabinet de psychoth\u00e9rapie<\/strong> individuelle et de groupe pour enfants, adolescents ou adultes, soutien et accompagnement des familles.&nbsp;<\/p>\n\n\n\n<p>Th\u00e9rapies classiques d\u2019inspiration psychanalytique, ateliers \u00e0 m\u00e9diations corporelles, psychoth\u00e9\u00e2tre, m\u00e9ditation de pleine conscience, psycho\u00e9ducation pour patients et\/ou familles (d\u00e9pressions, bipolarit\u00e9, troubles de l\u2019attention avec hyperactivit\u00e9, troubles anxieux, haut potentiel intellectuel et\/ou \u00e9motionnel\u2026.)&nbsp;<\/p>\n\n\n\n<p><strong>Tarifs<\/strong><\/p>\n\n\n\n<p><strong>Psychoth\u00e9rapies<\/strong> consultations individuelles enfants, adolescents ou adultes 45 minutes <strong>CHF 150<\/strong>.<\/p>\n\n\n\n<p><strong>Bilans cognitifs (QI)<\/strong><\/p>\n\n\n\n<p>Diagnostic du quotient intellectuel, d\u00e9ficiences ou haut potentiel.<\/p>\n\n\n\n<p><strong>Enfants et adolescents Wisc V<\/strong>. Dur\u00e9e quatre s\u00e9ances consultation de pr\u00e9sentation, dialogue sur les difficult\u00e9s, test deux s\u00e9ances de 1h30, corrections, analyses, interpr\u00e9tations, r\u00e9daction d\u2019un compte rendu et un entretien de restitutions et explications 1h<strong>.<\/strong> <strong>CHF 1\u2019300<\/strong><\/p>\n\n\n\n<p><\/p>\n\n\n\n<p>Adultes Wisc IV. Dur\u00e9e trois s\u00e9ances, une consultation de pr\u00e9sentation et dialogue sur les difficult\u00e9s 1h, 2h pour le test, corrections, analyses, interpr\u00e9tations, compte rendu et un entretien de restitutions.&nbsp;<strong>CHF 800.<\/strong><\/p>\n\n\n\n<p><strong>S\u00e9jours linguistiques en France<\/strong> dans le cadre du coll\u00e8ge alternatif, accueil en famille, immersion dans la langue fran\u00e7aise pour adolescents de 10 \u00e0 15 ans.&nbsp;<strong>CHF 1000<\/strong> par semaine.<\/p>\n","protected":false},"excerpt":{"rendered":"<p>Cabinet de psychoth\u00e9rapie individuelle et de groupe pour enfants, adolescents ou adultes, soutien et accompagnement des familles.&nbsp; Th\u00e9rapies classiques d\u2019inspiration psychanalytique, ateliers \u00e0 m\u00e9diations corporelles, psychoth\u00e9\u00e2tre, m\u00e9ditation de pleine conscience, psycho\u00e9ducation pour patients et\/ou familles (d\u00e9pressions, bipolarit\u00e9, troubles de l\u2019attention avec hyperactivit\u00e9, troubles anxieux, haut potentiel intellectuel et\/ou \u00e9motionnel\u2026.)&nbsp; Tarifs Psychoth\u00e9rapies consultations individuelles enfants, adolescents [&hellip;]<\/p>\n","protected":false},"author":1,"featured_media":0,"parent":0,"menu_order":0,"comment_status":"closed","ping_status":"closed","template":"","meta":[],"aioseo_notices":[],"_links":{"self":[{"href":"https:\/\/cynthia-cercos.ch\/index.php\/wp-json\/wp\/v2\/pages\/17"}],"collection":[{"href":"https:\/\/cynthia-cercos.ch\/index.php\/wp-json\/wp\/v2\/pages"}],"about":[{"href":"https:\/\/cynthia-cercos.ch\/index.php\/wp-json\/wp\/v2\/types\/page"}],"author":[{"embeddable":true,"href":"https:\/\/cynthia-cercos.ch\/index.php\/wp-json\/wp\/v2\/users\/1"}],"replies":[{"embeddable":true,"href":"https:\/\/cynthia-cercos.ch\/index.php\/wp-json\/wp\/v2\/comments?post=17"}],"version-history":[{"count":5,"href":"https:\/\/cynthia-cercos.ch\/index.php\/wp-json\/wp\/v2\/pages\/17\/revisions"}],"predecessor-version":[{"id":147,"href":"https:\/\/cynthia-cercos.ch\/index.php\/wp-json\/wp\/v2\/pages\/17\/revisions\/147"}],"wp:attachment":[{"href":"https:\/\/cynthia-cercos.ch\/index.php\/wp-json\/wp\/v2\/media?parent=17"}],"curies":[{"name":"wp","href":"https:\/\/api.w.org\/{rel}","templated":true}]}}